{"id":226,"date":"2020-07-28T22:36:26","date_gmt":"2020-07-28T19:36:26","guid":{"rendered":"http:\/\/localhost\/nextelligence\/?page_id=226"},"modified":"2023-09-20T16:44:55","modified_gmt":"2023-09-20T13:44:55","slug":"about-us","status":"publish","type":"page","link":"https:\/\/nextint.ru\/pt\/about-us\/","title":{"rendered":"Sobre n\u00f3s"},"content":{"rendered":"Sobre n\u00f3s","protected":false},"excerpt":{"rendered":"<p>Sobre n\u00f3s<\/p>\n","protected":false},"author":1,"featured_media":0,"parent":0,"menu_order":0,"comment_status":"closed","ping_status":"closed","template":"","meta":{"footnotes":""},"_links":{"self":[{"href":"https:\/\/nextint.ru\/pt\/wp-json\/wp\/v2\/pages\/226"}],"collection":[{"href":"https:\/\/nextint.ru\/pt\/wp-json\/wp\/v2\/pages"}],"about":[{"href":"https:\/\/nextint.ru\/pt\/wp-json\/wp\/v2\/types\/page"}],"author":[{"embeddable":true,"href":"https:\/\/nextint.ru\/pt\/wp-json\/wp\/v2\/users\/1"}],"replies":[{"embeddable":true,"href":"https:\/\/nextint.ru\/pt\/wp-json\/wp\/v2\/comments?post=226"}],"version-history":[{"count":16,"href":"https:\/\/nextint.ru\/pt\/wp-json\/wp\/v2\/pages\/226\/revisions"}],"predecessor-version":[{"id":1012,"href":"https:\/\/nextint.ru\/pt\/wp-json\/wp\/v2\/pages\/226\/revisions\/1012"}],"wp:attachment":[{"href":"https:\/\/nextint.ru\/pt\/wp-json\/wp\/v2\/media?parent=226"}],"curies":[{"name":"wp","href":"https:\/\/api.w.org\/{rel}","templated":true}]}}